{"id":63,"date":"2014-08-29T08:00:40","date_gmt":"2014-08-29T08:00:40","guid":{"rendered":"http:\/\/wp\/?page_id=63"},"modified":"2026-03-25T18:55:55","modified_gmt":"2026-03-25T18:55:55","slug":"uber-uns","status":"publish","type":"page","link":"https:\/\/trojantattoo.ch\/index.php\/uber-uns\/","title":{"rendered":"\u00dcber Trojan Tattoo"},"content":{"rendered":"<div id='full_slider_1'  class='avia-fullwidth-slider main_color avia-shadow   avia-builder-el-0  el_before_av_section  avia-builder-el-first   container_wrap sidebar_right'  ><div   data-size='no scaling'  data-lightbox_size='large'  data-animation='slide'  data-conditional_play=''  data-ids='511'  data-video_counter='0'  data-autoplay='false'  data-bg_slider='false'  data-slide_height=''  data-handle='av_slideshow_full'  data-interval='5'  data-class=' '  data-el_id=''  data-css_id=''  data-scroll_down=''  data-control_layout='av-control-default'  data-custom_markup=''  data-perma_caption=''  data-autoplay_stopper=''  data-image_attachment=''  data-min_height='0px'  data-lazy_loading='disabled'  data-src=''  data-position='top left'  data-repeat='no-repeat'  data-attach='scroll'  data-stretch=''  data-img_scrset=''  class='avia-slideshow avia-slideshow-1  av-control-default av-default-height-applied avia-slideshow-no scaling av_slideshow_full   avia-slide-slider '  itemprop=\"image\" itemscope=\"itemscope\" itemtype=\"https:\/\/schema.org\/ImageObject\" ><ul class='avia-slideshow-inner ' style='padding-bottom: 23.5625%;' ><li  class=' av-single-slide slide-1 ' ><div data-rel='slideshow-1' class='avia-slide-wrap '   ><div class = \"caption_fullwidth av-slideshow-caption caption_left\"><div class = \"container caption_container\"><div class = \"slideshow_caption\"><div class = \"slideshow_inner_caption\"><div class = \"slideshow_align_caption\"><h2  style='font-size:36px; ' class='avia-caption-title  '  itemprop=\"name\" >\u00dcber Trojan Tattoo<\/h2><\/div><\/div><\/div><\/div><\/div><img decoding=\"async\" class=\"wp-image-511 avia-img-lazy-loading-not-511\"  src=\"https:\/\/trojantattoo.ch\/wp-content\/uploads\/2021\/11\/about-banner.jpg\" width=\"1600\" height=\"377\" title='about-banner' alt=''  itemprop=\"thumbnailUrl\" srcset=\"https:\/\/trojantattoo.ch\/wp-content\/uploads\/2021\/11\/about-banner.jpg 1600w, https:\/\/trojantattoo.ch\/wp-content\/uploads\/2021\/11\/about-banner-300x71.jpg 300w, https:\/\/trojantattoo.ch\/wp-content\/uploads\/2021\/11\/about-banner-1030x243.jpg 1030w, https:\/\/trojantattoo.ch\/wp-content\/uploads\/2021\/11\/about-banner-768x181.jpg 768w, https:\/\/trojantattoo.ch\/wp-content\/uploads\/2021\/11\/about-banner-1536x362.jpg 1536w, https:\/\/trojantattoo.ch\/wp-content\/uploads\/2021\/11\/about-banner-1500x353.jpg 1500w, https:\/\/trojantattoo.ch\/wp-content\/uploads\/2021\/11\/about-banner-705x166.jpg 705w\" sizes=\"(max-width: 1600px) 100vw, 1600px\" \/><\/div><\/li><\/ul><\/div><\/div>\n<div id='av_section_1'  class='avia-section av-kvwq1t5m-e1555116d2efd9241b5b42bdfc9e0554 main_color avia-section-large avia-no-border-styling  avia-builder-el-1  el_after_av_slideshow_full  el_before_av_masonry_gallery  avia-bg-style-scroll  container_wrap sidebar_right'  ><div class='container av-section-cont-open' ><div class='template-page content  av-content-small alpha units'><div class='post-entry post-entry-type-page post-entry-63'><div class='entry-content-wrapper clearfix'>\n<div class='flex_column_table av-a9zkj-6f75d68fc355be157e2f272630331c79 sc-av_one_half av-equal-height-column-flextable'><div class='flex_column av-a9zkj-6f75d68fc355be157e2f272630331c79 av_one_half  avia-builder-el-2  el_before_av_two_fifth  avia-builder-el-first  first flex_column_table_cell av-equal-height-column av-align-middle '   ><p>\n<style type=\"text\/css\" data-created_by=\"avia_inline_auto\" id=\"style-css-av-a3mhb-d593b572e40c81db6b0a0d7bc18a2747\">\n#top .av-special-heading.av-a3mhb-d593b572e40c81db6b0a0d7bc18a2747{\npadding-bottom:10px;\n}\n<\/style>\n<div  class='av-special-heading av-a3mhb-d593b572e40c81db6b0a0d7bc18a2747 av-special-heading-h1 blockquote modern-quote  avia-builder-el-3  el_before_av_textblock  avia-builder-el-first  '><h1 class='av-special-heading-tag '  itemprop=\"headline\"  >Wer steht hinter dem Namen Trojan Tattoo<\/h1><div class='special-heading-border'><div class='special-heading-inner-border'><\/div><\/div><\/div><br \/>\n<section class=\"av_textblock_section \"  itemscope=\"itemscope\" itemtype=\"https:\/\/schema.org\/CreativeWork\" ><div class='avia_textblock  '  style='font-size:16px; '  itemprop=\"text\" ><p style=\"text-align: left;\">Mein Name ist Ren\u00e9 Kr\u00fcger und ich wurde 1978 in Deutschland geboren. Schon als Kind war ich begeisterter Tattoofan und fand selbst die nicht so tollen &#171;Seemanns &#8211; oder Knasttattoos&#187; einfach nur geil. Farbe unter der Haut war schon immer mein Ding. Das wollte ich auch haben.<\/p>\n<p>So begann ich Anfang der 90iger selbst mal zu probieren. Anfangs mit selbstgebastelten Maschinen und Billigfarben vom n\u00e4chstens Tattooausr\u00fcster (Nur Gott weiss woraus diese Farben bestanden ^^ ).<\/p>\n<p>Da schon die ersten Versuche ganz gut aussahen fing ich damit an mich professioneller auszur\u00fcsten. Ich testete jede auf dem Markt befindliche Farbe, Nadel und Maschine. Ich schaute mir Techniken bei den Profis ab und meine Freunde und Bekannten hielten gern als Versuchsobjekte hin.<\/p>\n<p>2010 war es dann so weit. Ich war reif f\u00fcr ein eigenes Studio welches ich bis 2013 erfolgreich f\u00fchrte. Aus famili\u00e4ren Gr\u00fcnden verschlug es mich dann nach Leipzig (D) wo ich mir auch einen grossen Kundenstamm aufbauen konnte und ausw\u00e4rts in alle Richtungen meine Tattook\u00fcnste anbieten konnte.<\/p>\n<p>Nun, 11 Jahre sp\u00e4ter verschl\u00e4gt es mich in die wundersch\u00f6ne Schweiz. Hier arbeitete ich anfangs als angestellter T\u00e4towierer und kann euch seit dem 01. August 2021 nun im eigenen Studio in Rekingen bei Bad Zurzach mit tollen Bildern unter der Haut verzieren.<\/p>\n<p>Dank meiner jahrelangen Erfahrung kann ich euch heute Tattoos in fast jeder Stilrichtung und in beeindruckender Qualit\u00e4t anbieten die auch nach Jahren noch toll aussehen und euch Freude bereiten.<\/p>\n<\/div><\/section><\/p><\/div><div class='av-flex-placeholder'><\/div><div class='flex_column av-7bwwb-7dfa861a584a87ef62b95b215ce7c933 av_two_fifth  avia-builder-el-5  el_after_av_one_half  avia-builder-el-last  flex_column_table_cell av-equal-height-column av-align-middle '   ><style type=\"text\/css\" data-created_by=\"avia_inline_auto\" id=\"style-css-av-kvwq0jio-51f604d450f5db4e066d80821a6b9403\">\n.avia-image-container.av-kvwq0jio-51f604d450f5db4e066d80821a6b9403 .av-image-caption-overlay-center{\ncolor:#ffffff;\n}\n<\/style>\n<div  class='avia-image-container av-kvwq0jio-51f604d450f5db4e066d80821a6b9403 av-styling- avia-align-center  avia-builder-el-6  avia-builder-el-no-sibling  '  itemprop=\"image\" itemscope=\"itemscope\" itemtype=\"https:\/\/schema.org\/ImageObject\" ><div class=\"avia-image-container-inner\"><div class=\"avia-image-overlay-wrap\"><img decoding=\"async\" class='wp-image-513 avia-img-lazy-loading-not-513 avia_image' src=\"https:\/\/trojantattoo.ch\/wp-content\/uploads\/2021\/11\/about-img.jpg\" alt='' title=''  height=\"550\" width=\"592\"  itemprop=\"thumbnailUrl\" srcset=\"https:\/\/trojantattoo.ch\/wp-content\/uploads\/2021\/11\/about-img.jpg 592w, https:\/\/trojantattoo.ch\/wp-content\/uploads\/2021\/11\/about-img-300x279.jpg 300w\" sizes=\"(max-width: 592px) 100vw, 592px\" \/><\/div><\/div><\/div><\/div><\/div><!--close column table wrapper. Autoclose: 1 --><div id='av-masonry-1' class='av-masonry av-12hb7-bf2be597f901ceceed09c2c1f6daac7e noHover av-fixed-size av-no-gap av-hover-overlay- av-masonry-animation-active av-masonry-col-4 av-caption-on-hover av-caption-style- av-masonry-gallery    av-small-columns-overwrite av-small-columns-2 av-mini-columns-overwrite av-mini-columns-2'><div class=\"av-masonry-container isotope av-js-disabled\"><div class='av-masonry-entry isotope-item av-masonry-item-no-image '><\/div><a href=\"https:\/\/trojantattoo.ch\/wp-content\/uploads\/2021\/11\/g2.jpg\" data-srcset=\"https:\/\/trojantattoo.ch\/wp-content\/uploads\/2021\/11\/g2.jpg 800w, https:\/\/trojantattoo.ch\/wp-content\/uploads\/2021\/11\/g2-300x225.jpg 300w, https:\/\/trojantattoo.ch\/wp-content\/uploads\/2021\/11\/g2-768x576.jpg 768w, https:\/\/trojantattoo.ch\/wp-content\/uploads\/2021\/11\/g2-705x529.jpg 705w\" data-sizes=\"(max-width: 800px) 100vw, 800px\"  aria-label=\"image image with no title\"  id='av-masonry-1-item-632' data-av-masonry-item='632' class='av-masonry-entry isotope-item post-632 attachment type-attachment status-inherit hentry  av-masonry-item-with-image' title=\"\" alt=\"\"   itemprop=\"thumbnailUrl\" ><div class='av-inner-masonry-sizer'><\/div><figure class='av-inner-masonry main_color'><div class=\"av-masonry-outerimage-container\"><div class='av-masonry-image-container' style=\"background-image: url(https:\/\/trojantattoo.ch\/wp-content\/uploads\/2021\/11\/g2-705x529.jpg);\"  ><\/div><\/div><\/figure><\/a><!--end av-masonry entry--><a href=\"https:\/\/trojantattoo.ch\/wp-content\/uploads\/2021\/11\/g3.jpg\" data-srcset=\"https:\/\/trojantattoo.ch\/wp-content\/uploads\/2021\/11\/g3.jpg 800w, https:\/\/trojantattoo.ch\/wp-content\/uploads\/2021\/11\/g3-300x225.jpg 300w, https:\/\/trojantattoo.ch\/wp-content\/uploads\/2021\/11\/g3-768x576.jpg 768w, https:\/\/trojantattoo.ch\/wp-content\/uploads\/2021\/11\/g3-705x529.jpg 705w\" data-sizes=\"(max-width: 800px) 100vw, 800px\"  aria-label=\"image image with no title\"  id='av-masonry-1-item-633' data-av-masonry-item='633' class='av-masonry-entry isotope-item post-633 attachment type-attachment status-inherit hentry  av-masonry-item-with-image' title=\"\" alt=\"\"   itemprop=\"thumbnailUrl\" ><div class='av-inner-masonry-sizer'><\/div><figure class='av-inner-masonry main_color'><div class=\"av-masonry-outerimage-container\"><div class='av-masonry-image-container' style=\"background-image: url(https:\/\/trojantattoo.ch\/wp-content\/uploads\/2021\/11\/g3-705x529.jpg);\"  ><\/div><\/div><\/figure><\/a><!--end av-masonry entry--><a href=\"https:\/\/trojantattoo.ch\/wp-content\/uploads\/2021\/11\/g6.jpg\" data-srcset=\"https:\/\/trojantattoo.ch\/wp-content\/uploads\/2021\/11\/g6.jpg 800w, https:\/\/trojantattoo.ch\/wp-content\/uploads\/2021\/11\/g6-300x225.jpg 300w, https:\/\/trojantattoo.ch\/wp-content\/uploads\/2021\/11\/g6-768x576.jpg 768w, https:\/\/trojantattoo.ch\/wp-content\/uploads\/2021\/11\/g6-705x529.jpg 705w\" data-sizes=\"(max-width: 800px) 100vw, 800px\"  aria-label=\"image image with no title\"  id='av-masonry-1-item-636' data-av-masonry-item='636' class='av-masonry-entry isotope-item post-636 attachment type-attachment status-inherit hentry  av-masonry-item-with-image' title=\"\" alt=\"\"   itemprop=\"thumbnailUrl\" ><div class='av-inner-masonry-sizer'><\/div><figure class='av-inner-masonry main_color'><div class=\"av-masonry-outerimage-container\"><div class='av-masonry-image-container' style=\"background-image: url(https:\/\/trojantattoo.ch\/wp-content\/uploads\/2021\/11\/g6-705x529.jpg);\"  ><\/div><\/div><\/figure><\/a><!--end av-masonry entry--><a href=\"https:\/\/trojantattoo.ch\/wp-content\/uploads\/2021\/11\/g7.jpg\" data-srcset=\"https:\/\/trojantattoo.ch\/wp-content\/uploads\/2021\/11\/g7.jpg 800w, https:\/\/trojantattoo.ch\/wp-content\/uploads\/2021\/11\/g7-300x225.jpg 300w, https:\/\/trojantattoo.ch\/wp-content\/uploads\/2021\/11\/g7-768x576.jpg 768w, https:\/\/trojantattoo.ch\/wp-content\/uploads\/2021\/11\/g7-705x529.jpg 705w\" data-sizes=\"(max-width: 800px) 100vw, 800px\"  aria-label=\"image image with no title\"  id='av-masonry-1-item-637' data-av-masonry-item='637' class='av-masonry-entry isotope-item post-637 attachment type-attachment status-inherit hentry  av-masonry-item-with-image' title=\"\" alt=\"\"   itemprop=\"thumbnailUrl\" ><div class='av-inner-masonry-sizer'><\/div><figure class='av-inner-masonry main_color'><div class=\"av-masonry-outerimage-container\"><div class='av-masonry-image-container' style=\"background-image: url(https:\/\/trojantattoo.ch\/wp-content\/uploads\/2021\/11\/g7-705x529.jpg);\"  ><\/div><\/div><\/figure><\/a><!--end av-masonry entry--><a href=\"https:\/\/trojantattoo.ch\/wp-content\/uploads\/2021\/11\/PicsArt_21-11-08_19-40-10-486-757x1030.jpg\" data-srcset=\"https:\/\/trojantattoo.ch\/wp-content\/uploads\/2021\/11\/PicsArt_21-11-08_19-40-10-486-757x1030.jpg 757w, https:\/\/trojantattoo.ch\/wp-content\/uploads\/2021\/11\/PicsArt_21-11-08_19-40-10-486-220x300.jpg 220w, https:\/\/trojantattoo.ch\/wp-content\/uploads\/2021\/11\/PicsArt_21-11-08_19-40-10-486-768x1045.jpg 768w, https:\/\/trojantattoo.ch\/wp-content\/uploads\/2021\/11\/PicsArt_21-11-08_19-40-10-486-1129x1536.jpg 1129w, https:\/\/trojantattoo.ch\/wp-content\/uploads\/2021\/11\/PicsArt_21-11-08_19-40-10-486-1505x2048.jpg 1505w, https:\/\/trojantattoo.ch\/wp-content\/uploads\/2021\/11\/PicsArt_21-11-08_19-40-10-486-1102x1500.jpg 1102w, https:\/\/trojantattoo.ch\/wp-content\/uploads\/2021\/11\/PicsArt_21-11-08_19-40-10-486-518x705.jpg 518w, https:\/\/trojantattoo.ch\/wp-content\/uploads\/2021\/11\/PicsArt_21-11-08_19-40-10-486-scaled.jpg 1881w\" data-sizes=\"(max-width: 757px) 100vw, 757px\"  aria-label=\"image image with no title\"  id='av-masonry-1-item-779' data-av-masonry-item='779' class='av-masonry-entry isotope-item post-779 attachment type-attachment status-inherit hentry  av-masonry-item-with-image' title=\"\" alt=\"\"   itemprop=\"thumbnailUrl\" ><div class='av-inner-masonry-sizer'><\/div><figure class='av-inner-masonry main_color'><div class=\"av-masonry-outerimage-container\"><div class='av-masonry-image-container' style=\"background-image: url(https:\/\/trojantattoo.ch\/wp-content\/uploads\/2021\/11\/PicsArt_21-11-08_19-40-10-486-518x705.jpg);\"  ><\/div><\/div><\/figure><\/a><!--end av-masonry entry--><a href=\"https:\/\/trojantattoo.ch\/wp-content\/uploads\/2021\/11\/PicsArt_21-11-06_19-20-46-660-839x1030.jpg\" data-srcset=\"https:\/\/trojantattoo.ch\/wp-content\/uploads\/2021\/11\/PicsArt_21-11-06_19-20-46-660-839x1030.jpg 839w, https:\/\/trojantattoo.ch\/wp-content\/uploads\/2021\/11\/PicsArt_21-11-06_19-20-46-660-244x300.jpg 244w, https:\/\/trojantattoo.ch\/wp-content\/uploads\/2021\/11\/PicsArt_21-11-06_19-20-46-660-768x942.jpg 768w, https:\/\/trojantattoo.ch\/wp-content\/uploads\/2021\/11\/PicsArt_21-11-06_19-20-46-660-1252x1536.jpg 1252w, https:\/\/trojantattoo.ch\/wp-content\/uploads\/2021\/11\/PicsArt_21-11-06_19-20-46-660-1669x2048.jpg 1669w, https:\/\/trojantattoo.ch\/wp-content\/uploads\/2021\/11\/PicsArt_21-11-06_19-20-46-660-1222x1500.jpg 1222w, https:\/\/trojantattoo.ch\/wp-content\/uploads\/2021\/11\/PicsArt_21-11-06_19-20-46-660-575x705.jpg 575w, https:\/\/trojantattoo.ch\/wp-content\/uploads\/2021\/11\/PicsArt_21-11-06_19-20-46-660.jpg 1740w\" data-sizes=\"(max-width: 839px) 100vw, 839px\"  aria-label=\"image image with no title\"  id='av-masonry-1-item-778' data-av-masonry-item='778' class='av-masonry-entry isotope-item post-778 attachment type-attachment status-inherit hentry  av-masonry-item-with-image' title=\"\" alt=\"\"   itemprop=\"thumbnailUrl\" ><div class='av-inner-masonry-sizer'><\/div><figure class='av-inner-masonry main_color'><div class=\"av-masonry-outerimage-container\"><div class='av-masonry-image-container' style=\"background-image: url(https:\/\/trojantattoo.ch\/wp-content\/uploads\/2021\/11\/PicsArt_21-11-06_19-20-46-660-575x705.jpg);\"  ><\/div><\/div><\/figure><\/a><!--end av-masonry entry--><a href=\"https:\/\/trojantattoo.ch\/wp-content\/uploads\/2023\/03\/Picsart_23-03-11_14-30-32-310-730x1030.jpg\" data-srcset=\"https:\/\/trojantattoo.ch\/wp-content\/uploads\/2023\/03\/Picsart_23-03-11_14-30-32-310-730x1030.jpg 730w, https:\/\/trojantattoo.ch\/wp-content\/uploads\/2023\/03\/Picsart_23-03-11_14-30-32-310-212x300.jpg 212w, https:\/\/trojantattoo.ch\/wp-content\/uploads\/2023\/03\/Picsart_23-03-11_14-30-32-310-768x1084.jpg 768w, https:\/\/trojantattoo.ch\/wp-content\/uploads\/2023\/03\/Picsart_23-03-11_14-30-32-310-1088x1536.jpg 1088w, https:\/\/trojantattoo.ch\/wp-content\/uploads\/2023\/03\/Picsart_23-03-11_14-30-32-310-1451x2048.jpg 1451w, https:\/\/trojantattoo.ch\/wp-content\/uploads\/2023\/03\/Picsart_23-03-11_14-30-32-310-1062x1500.jpg 1062w, https:\/\/trojantattoo.ch\/wp-content\/uploads\/2023\/03\/Picsart_23-03-11_14-30-32-310-499x705.jpg 499w, https:\/\/trojantattoo.ch\/wp-content\/uploads\/2023\/03\/Picsart_23-03-11_14-30-32-310.jpg 1758w\" data-sizes=\"(max-width: 730px) 100vw, 730px\"  aria-label=\"image trojan tattoo\"  id='av-masonry-1-item-952' data-av-masonry-item='952' class='av-masonry-entry isotope-item post-952 attachment type-attachment status-inherit hentry  av-masonry-item-with-image' title=\"trojan tattoo\" alt=\"\"   itemprop=\"thumbnailUrl\" ><div class='av-inner-masonry-sizer'><\/div><figure class='av-inner-masonry main_color'><div class=\"av-masonry-outerimage-container\"><div class='av-masonry-image-container' style=\"background-image: url(https:\/\/trojantattoo.ch\/wp-content\/uploads\/2023\/03\/Picsart_23-03-11_14-30-32-310-499x705.jpg);\"  title=\"trojan tattoo\"  ><\/div><\/div><\/figure><\/a><!--end av-masonry entry--><a href=\"https:\/\/trojantattoo.ch\/wp-content\/uploads\/2023\/05\/Picsart_23-04-12_13-48-32-442-798x1030.jpg\" data-srcset=\"https:\/\/trojantattoo.ch\/wp-content\/uploads\/2023\/05\/Picsart_23-04-12_13-48-32-442-798x1030.jpg 798w, https:\/\/trojantattoo.ch\/wp-content\/uploads\/2023\/05\/Picsart_23-04-12_13-48-32-442-232x300.jpg 232w, https:\/\/trojantattoo.ch\/wp-content\/uploads\/2023\/05\/Picsart_23-04-12_13-48-32-442-768x992.jpg 768w, https:\/\/trojantattoo.ch\/wp-content\/uploads\/2023\/05\/Picsart_23-04-12_13-48-32-442-1190x1536.jpg 1190w, https:\/\/trojantattoo.ch\/wp-content\/uploads\/2023\/05\/Picsart_23-04-12_13-48-32-442-1586x2048.jpg 1586w, https:\/\/trojantattoo.ch\/wp-content\/uploads\/2023\/05\/Picsart_23-04-12_13-48-32-442-1162x1500.jpg 1162w, https:\/\/trojantattoo.ch\/wp-content\/uploads\/2023\/05\/Picsart_23-04-12_13-48-32-442-546x705.jpg 546w, https:\/\/trojantattoo.ch\/wp-content\/uploads\/2023\/05\/Picsart_23-04-12_13-48-32-442-scaled.jpg 1983w\" data-sizes=\"(max-width: 798px) 100vw, 798px\"  aria-label=\"image trojan tattoo\"  id='av-masonry-1-item-957' data-av-masonry-item='957' class='av-masonry-entry isotope-item post-957 attachment type-attachment status-inherit hentry  av-masonry-item-with-image' title=\"trojan tattoo\" alt=\"\"   itemprop=\"thumbnailUrl\" ><div class='av-inner-masonry-sizer'><\/div><figure class='av-inner-masonry main_color'><div class=\"av-masonry-outerimage-container\"><div class='av-masonry-image-container' style=\"background-image: url(https:\/\/trojantattoo.ch\/wp-content\/uploads\/2023\/05\/Picsart_23-04-12_13-48-32-442-546x705.jpg);\"  title=\"trojan tattoo\"  ><\/div><\/div><\/figure><\/a><!--end av-masonry entry--><\/div><\/div><\/p>\n\n<style type=\"text\/css\" data-created_by=\"avia_inline_auto\" id=\"style-css-av-kw296f38-fe520914cbe870ee0aa5f0251ed345c4\">\n#top .hr.hr-invisible.av-kw296f38-fe520914cbe870ee0aa5f0251ed345c4{\nmargin-top:0px;\nheight:1px;\n}\n<\/style>\n<div  class='hr av-kw296f38-fe520914cbe870ee0aa5f0251ed345c4 hr-invisible  avia-builder-el-8  el_after_av_masonry_gallery  avia-builder-el-no-sibling  '><span class='hr-inner '><span class=\"hr-inner-style\"><\/span><\/span><\/div>\n","protected":false},"excerpt":{"rendered":"","protected":false},"author":1,"featured_media":0,"parent":0,"menu_order":0,"comment_status":"open","ping_status":"closed","template":"","meta":{"footnotes":""},"class_list":["post-63","page","type-page","status-publish","hentry"],"_links":{"self":[{"href":"https:\/\/trojantattoo.ch\/index.php\/wp-json\/wp\/v2\/pages\/63","targetHints":{"allow":["GET"]}}],"collection":[{"href":"https:\/\/trojantattoo.ch\/index.php\/wp-json\/wp\/v2\/pages"}],"about":[{"href":"https:\/\/trojantattoo.ch\/index.php\/wp-json\/wp\/v2\/types\/page"}],"author":[{"embeddable":true,"href":"https:\/\/trojantattoo.ch\/index.php\/wp-json\/wp\/v2\/users\/1"}],"replies":[{"embeddable":true,"href":"https:\/\/trojantattoo.ch\/index.php\/wp-json\/wp\/v2\/comments?post=63"}],"version-history":[{"count":7,"href":"https:\/\/trojantattoo.ch\/index.php\/wp-json\/wp\/v2\/pages\/63\/revisions"}],"predecessor-version":[{"id":1139,"href":"https:\/\/trojantattoo.ch\/index.php\/wp-json\/wp\/v2\/pages\/63\/revisions\/1139"}],"wp:attachment":[{"href":"https:\/\/trojantattoo.ch\/index.php\/wp-json\/wp\/v2\/media?parent=63"}],"curies":[{"name":"wp","href":"https:\/\/api.w.org\/{rel}","templated":true}]}}