{"id":585,"date":"2021-11-13T17:50:35","date_gmt":"2021-11-13T17:50:35","guid":{"rendered":"http:\/\/website.lmprojekte.de\/trojantattoo\/?page_id=585"},"modified":"2021-11-20T16:14:38","modified_gmt":"2021-11-20T16:14:38","slug":"impressum","status":"publish","type":"page","link":"https:\/\/trojantattoo.ch\/index.php\/impressum\/","title":{"rendered":"Impressum"},"content":{"rendered":"<div id='full_slider_1'  class='avia-fullwidth-slider main_color avia-shadow   avia-builder-el-0  el_before_av_section  avia-builder-el-first   container_wrap sidebar_right'  ><div   data-size='no scaling'  data-lightbox_size='large'  data-animation='slide'  data-conditional_play=''  data-ids='491'  data-video_counter='0'  data-autoplay='false'  data-bg_slider='false'  data-slide_height=''  data-handle='av_slideshow_full'  data-interval='5'  data-class=' '  data-el_id=''  data-css_id=''  data-scroll_down=''  data-control_layout='av-control-default'  data-custom_markup=''  data-perma_caption=''  data-autoplay_stopper=''  data-image_attachment=''  data-min_height='0px'  data-lazy_loading='disabled'  data-src=''  data-position='top left'  data-repeat='no-repeat'  data-attach='scroll'  data-stretch=''  data-img_scrset=''  class='avia-slideshow avia-slideshow-1  av-control-default av-default-height-applied avia-slideshow-no scaling av_slideshow_full   avia-slide-slider '  itemprop=\"image\" itemscope=\"itemscope\" itemtype=\"https:\/\/schema.org\/ImageObject\" ><ul class='avia-slideshow-inner ' style='padding-bottom: 23.5625%;' ><li  class=' av-single-slide slide-1 ' ><div data-rel='slideshow-1' class='avia-slide-wrap '   ><div class = \"caption_fullwidth av-slideshow-caption caption_left\"><div class = \"container caption_container\"><div class = \"slideshow_caption\"><div class = \"slideshow_inner_caption\"><div class = \"slideshow_align_caption\"><h2  class='avia-caption-title  '  itemprop=\"name\" >Impressum<\/h2><\/div><\/div><\/div><\/div><\/div><img decoding=\"async\" class=\"wp-image-491 avia-img-lazy-loading-not-491\"  src=\"https:\/\/trojantattoo.ch\/wp-content\/uploads\/2021\/11\/gl-main-bassr.jpg\" width=\"1600\" height=\"377\" title='gl-main-bassr' alt=''  itemprop=\"thumbnailUrl\" srcset=\"https:\/\/trojantattoo.ch\/wp-content\/uploads\/2021\/11\/gl-main-bassr.jpg 1600w, https:\/\/trojantattoo.ch\/wp-content\/uploads\/2021\/11\/gl-main-bassr-300x71.jpg 300w, https:\/\/trojantattoo.ch\/wp-content\/uploads\/2021\/11\/gl-main-bassr-1030x243.jpg 1030w, https:\/\/trojantattoo.ch\/wp-content\/uploads\/2021\/11\/gl-main-bassr-768x181.jpg 768w, https:\/\/trojantattoo.ch\/wp-content\/uploads\/2021\/11\/gl-main-bassr-1536x362.jpg 1536w, https:\/\/trojantattoo.ch\/wp-content\/uploads\/2021\/11\/gl-main-bassr-1500x353.jpg 1500w, https:\/\/trojantattoo.ch\/wp-content\/uploads\/2021\/11\/gl-main-bassr-705x166.jpg 705w\" sizes=\"(max-width: 1600px) 100vw, 1600px\" \/><\/div><\/li><\/ul><\/div><\/div>\n<div id='av_section_1'  class='avia-section av-pboo1-374e5e3beb1be02002cb71a091d8b750 main_color avia-section-large avia-no-border-styling  avia-builder-el-1  el_after_av_slideshow_full  avia-builder-el-last  avia-bg-style-scroll  container_wrap sidebar_right'  ><div class='container av-section-cont-open' ><div class='template-page content  av-content-small alpha units'><div class='post-entry post-entry-type-page post-entry-585'><div class='entry-content-wrapper clearfix'>\n\n<style type=\"text\/css\" data-created_by=\"avia_inline_auto\" id=\"style-css-av-kvy3toq9-63af923f07eb12cfca75d66d6ea9cf00\">\n#top .av-special-heading.av-kvy3toq9-63af923f07eb12cfca75d66d6ea9cf00{\npadding-bottom:10px;\n}\n<\/style>\n<div  class='av-special-heading av-kvy3toq9-63af923f07eb12cfca75d66d6ea9cf00 av-special-heading-h3 blockquote modern-quote  avia-builder-el-2  el_before_av_one_full  avia-builder-el-first  '><h3 class='av-special-heading-tag '  itemprop=\"headline\"  >Impressum <\/h3><div class='special-heading-border'><div class='special-heading-inner-border'><\/div><\/div><\/div>\n<div class='flex_column av-j4ow1-f9d5c0db9445df698c3ae2de0c45e13f av_one_full  avia-builder-el-3  el_after_av_heading  avia-builder-el-last  first flex_column_div '   ><section class=\"av_textblock_section \"  itemscope=\"itemscope\" itemtype=\"https:\/\/schema.org\/CreativeWork\" ><div class='avia_textblock  '   itemprop=\"text\" ><p>Trojan Tattoo<\/p>\n<p>Ren\u00e9 Kr\u00fcger<\/p>\n<p>Im Rank 2, 5332 , Rekingen<\/p>\n<p>trojantattoo@gmx.ch<\/p>\n<p><strong>Haftungsausschluss<\/strong><\/p>\n<p>F\u00fcr Richtigkeit und Vollst\u00e4ndigkeit der Informationen sowie das Funktionieren der Links wird keine Gew\u00e4hr \u00fcbernommen.<br \/>\nWir \u00fcbernehmen keine Verantwortung\/Haftung auf den Inhalt der Webseiten, die mit dieser Webseite verlinkt sind. F\u00fcr den Inhalt sind ausschliesslich deren Betreiber verantwortlich.<\/p>\n<p><strong>Urheberrechtshinweis<\/strong><\/p>\n<p>Grafik, Layout und die Texte sowie das Zusammenspiel der Texte dieser Seiten sind urheberrechtlich gesch\u00fctzt. Jede gewerbliche, berufliche oder beh\u00f6rdliche Nutzung bedarf der schriftlichen Genehmigung.<\/p>\n<\/div><\/section><\/div><\/div><\/div><\/div><!-- close content main div --><\/div><\/div><div id='after_section_1'  class='main_color av_default_container_wrap container_wrap sidebar_right'  ><div class='container av-section-cont-open' ><div class='template-page content  av-content-small alpha units'><div class='post-entry post-entry-type-page post-entry-585'><div class='entry-content-wrapper clearfix'>\n","protected":false},"excerpt":{"rendered":"","protected":false},"author":1,"featured_media":0,"parent":0,"menu_order":0,"comment_status":"closed","ping_status":"closed","template":"","meta":{"footnotes":""},"class_list":["post-585","page","type-page","status-publish","hentry"],"_links":{"self":[{"href":"https:\/\/trojantattoo.ch\/index.php\/wp-json\/wp\/v2\/pages\/585","targetHints":{"allow":["GET"]}}],"collection":[{"href":"https:\/\/trojantattoo.ch\/index.php\/wp-json\/wp\/v2\/pages"}],"about":[{"href":"https:\/\/trojantattoo.ch\/index.php\/wp-json\/wp\/v2\/types\/page"}],"author":[{"embeddable":true,"href":"https:\/\/trojantattoo.ch\/index.php\/wp-json\/wp\/v2\/users\/1"}],"replies":[{"embeddable":true,"href":"https:\/\/trojantattoo.ch\/index.php\/wp-json\/wp\/v2\/comments?post=585"}],"version-history":[{"count":2,"href":"https:\/\/trojantattoo.ch\/index.php\/wp-json\/wp\/v2\/pages\/585\/revisions"}],"predecessor-version":[{"id":833,"href":"https:\/\/trojantattoo.ch\/index.php\/wp-json\/wp\/v2\/pages\/585\/revisions\/833"}],"wp:attachment":[{"href":"https:\/\/trojantattoo.ch\/index.php\/wp-json\/wp\/v2\/media?parent=585"}],"curies":[{"name":"wp","href":"https:\/\/api.w.org\/{rel}","templated":true}]}}